{"id":259,"date":"2026-02-26T13:21:45","date_gmt":"2026-02-26T12:21:45","guid":{"rendered":"https:\/\/stehovani-ww.cz\/?page_id=259"},"modified":"2026-02-26T15:05:44","modified_gmt":"2026-02-26T14:05:44","slug":"dekujeme","status":"publish","type":"page","link":"https:\/\/stehovani-ww.cz\/en\/dekujeme\/","title":{"rendered":"D\u011bkujeme"},"content":{"rendered":"<div data-elementor-type=\"wp-page\" data-elementor-id=\"259\" class=\"elementor elementor-259\" data-elementor-post-type=\"page\">\n\t\t\t\t\t\t<section class=\"elementor-section elementor-top-section elementor-element elementor-element-cde1cfc elementor-section-boxed elementor-section-height-default elementor-section-height-default\" data-id=\"cde1cfc\" data-element_type=\"section\" data-e-type=\"section\" data-settings=\"{&quot;background_background&quot;:&quot;gradient&quot;}\">\n\t\t\t\t\t\t<div class=\"elementor-container elementor-column-gap-default\">\n\t\t\t\t\t<div class=\"elementor-column elementor-col-100 elementor-top-column elementor-element elementor-element-bb3e433\" data-id=\"bb3e433\" data-element_type=\"column\" data-e-type=\"column\">\n\t\t\t<div class=\"elementor-widget-wrap elementor-element-populated\">\n\t\t\t\t\t\t<div class=\"elementor-element elementor-element-8af843f elementor-widget elementor-widget-heading\" data-id=\"8af843f\" data-element_type=\"widget\" data-e-type=\"widget\" data-widget_type=\"heading.default\">\n\t\t\t\t\t<h2 class=\"elementor-heading-title elementor-size-default\">D\u011aKUJEMe<\/h2>\t\t\t\t<\/div>\n\t\t\t\t<div class=\"elementor-element elementor-element-47e274a elementor-widget elementor-widget-text-editor\" data-id=\"47e274a\" data-element_type=\"widget\" data-e-type=\"widget\" data-widget_type=\"text-editor.default\">\n\t\t\t\t\t\t\t\t\t<p style=\"text-align: center;\">Formul\u00e1\u0159 byl \u00fasp\u011b\u0161n\u011b odesl\u00e1n.<\/p>\n<p style=\"text-align: center;\">Ozveme se V\u00e1m v nejbli\u017e\u0161\u00edm mo\u017en\u00e9m term\u00ednu.<\/p>\n<p style=\"text-align: center;\">Pr\u016fb\u011b\u017en\u011b kontrolujte pros\u00edm i slo\u017eku SPAM ve Va\u0161em e-mailu.<\/p>\t\t\t\t\t\t\t\t<\/div>\n\t\t\t\t<div class=\"elementor-element elementor-element-bbd41f2 elementor-align-center elementor-widget elementor-widget-button\" data-id=\"bbd41f2\" data-element_type=\"widget\" data-e-type=\"widget\" data-widget_type=\"button.default\">\n\t\t\t\t\t\t\t\t\t\t<a class=\"elementor-button elementor-button-link elementor-size-xl\" href=\"https:\/\/stehovani-ww.cz\/en\/\">\n\t\t\t\t\t\t<span class=\"elementor-button-content-wrapper\">\n\t\t\t\t\t\t\t\t\t<span class=\"elementor-button-text\">N\u00e1vrat na hlavn\u00ed str\u00e1nku<\/span>\n\t\t\t\t\t<\/span>\n\t\t\t\t\t<\/a>\n\t\t\t\t\t\t\t\t<\/div>\n\t\t\t\t\t<\/div>\n\t\t<\/div>\n\t\t\t\t\t<\/div>\n\t\t<\/section>\n\t\t\t\t<\/div>","protected":false},"excerpt":{"rendered":"<p>D\u011aKUJEMe Formul\u00e1\u0159 byl \u00fasp\u011b\u0161n\u011b odesl\u00e1n. Ozveme se V\u00e1m v nejbli\u017e\u0161\u00edm mo\u017en\u00e9m term\u00ednu. Pr\u016fb\u011b\u017en\u011b kontrolujte pros\u00edm i slo\u017eku SPAM ve Va\u0161em e-mailu. N\u00e1vrat na hlavn\u00ed str\u00e1nku<\/p>","protected":false},"author":1,"featured_media":0,"parent":0,"menu_order":0,"comment_status":"closed","ping_status":"closed","template":"","meta":{"footnotes":""},"class_list":["post-259","page","type-page","status-publish","hentry"],"yoast_head":"<!-- This site is optimized with the Yoast SEO Premium plugin v27.0 (Yoast SEO v27.4) - https:\/\/yoast.com\/product\/yoast-seo-premium-wordpress\/ -->\n<title>D\u011bkujeme - St\u011bhov\u00e1n\u00ed WhichWay<\/title>\n<meta name=\"robots\" content=\"index, follow, max-snippet:-1, max-image-preview:large, max-video-preview:-1\" \/>\n<link rel=\"canonical\" href=\"https:\/\/stehovani-ww.cz\/en\/dekujeme\/\" \/>\n<meta property=\"og:locale\" content=\"en_US\" \/>\n<meta property=\"og:type\" content=\"article\" \/>\n<meta property=\"og:title\" content=\"D\u011bkujeme\" \/>\n<meta property=\"og:description\" content=\"D\u011aKUJEMe Formul\u00e1\u0159 byl \u00fasp\u011b\u0161n\u011b odesl\u00e1n. Ozveme se V\u00e1m v nejbli\u017e\u0161\u00edm mo\u017en\u00e9m term\u00ednu. Pr\u016fb\u011b\u017en\u011b kontrolujte pros\u00edm i slo\u017eku SPAM ve Va\u0161em e-mailu. N\u00e1vrat na hlavn\u00ed str\u00e1nku\" \/>\n<meta property=\"og:url\" content=\"https:\/\/stehovani-ww.cz\/en\/dekujeme\/\" \/>\n<meta property=\"og:site_name\" content=\"St\u011bhov\u00e1n\u00ed WhichWay\" \/>\n<meta property=\"article:modified_time\" content=\"2026-02-26T14:05:44+00:00\" \/>\n<meta name=\"twitter:card\" content=\"summary_large_image\" \/>\n<meta name=\"twitter:label1\" content=\"Est. reading time\" \/>\n\t<meta name=\"twitter:data1\" content=\"1 minute\" \/>\n<script type=\"application\/ld+json\" class=\"yoast-schema-graph\">{\"@context\":\"https:\\\/\\\/schema.org\",\"@graph\":[{\"@type\":\"WebPage\",\"@id\":\"https:\\\/\\\/stehovani-ww.cz\\\/dekujeme\\\/\",\"url\":\"https:\\\/\\\/stehovani-ww.cz\\\/dekujeme\\\/\",\"name\":\"D\u011bkujeme - St\u011bhov\u00e1n\u00ed WhichWay\",\"isPartOf\":{\"@id\":\"https:\\\/\\\/stehovani-ww.cz\\\/#website\"},\"datePublished\":\"2026-02-26T12:21:45+00:00\",\"dateModified\":\"2026-02-26T14:05:44+00:00\",\"breadcrumb\":{\"@id\":\"https:\\\/\\\/stehovani-ww.cz\\\/dekujeme\\\/#breadcrumb\"},\"inLanguage\":\"en-US\",\"potentialAction\":[{\"@type\":\"ReadAction\",\"target\":[\"https:\\\/\\\/stehovani-ww.cz\\\/dekujeme\\\/\"]}]},{\"@type\":\"BreadcrumbList\",\"@id\":\"https:\\\/\\\/stehovani-ww.cz\\\/dekujeme\\\/#breadcrumb\",\"itemListElement\":[{\"@type\":\"ListItem\",\"position\":1,\"name\":\"Dom\u016f\",\"item\":\"https:\\\/\\\/stehovani-ww.cz\\\/\"},{\"@type\":\"ListItem\",\"position\":2,\"name\":\"D\u011bkujeme\"}]},{\"@type\":\"WebSite\",\"@id\":\"https:\\\/\\\/stehovani-ww.cz\\\/#website\",\"url\":\"https:\\\/\\\/stehovani-ww.cz\\\/\",\"name\":\"St\u011bhov\u00e1n\u00ed WhichWay\",\"description\":\"web st\u011bhovac\u00ed firmy WhichWay\",\"publisher\":{\"@id\":\"https:\\\/\\\/stehovani-ww.cz\\\/#organization\"},\"potentialAction\":[{\"@type\":\"SearchAction\",\"target\":{\"@type\":\"EntryPoint\",\"urlTemplate\":\"https:\\\/\\\/stehovani-ww.cz\\\/?s={search_term_string}\"},\"query-input\":{\"@type\":\"PropertyValueSpecification\",\"valueRequired\":true,\"valueName\":\"search_term_string\"}}],\"inLanguage\":\"en-US\"},{\"@type\":\"Organization\",\"@id\":\"https:\\\/\\\/stehovani-ww.cz\\\/#organization\",\"name\":\"St\u011bhov\u00e1n\u00ed WhichWay\",\"url\":\"https:\\\/\\\/stehovani-ww.cz\\\/\",\"logo\":{\"@type\":\"ImageObject\",\"inLanguage\":\"en-US\",\"@id\":\"https:\\\/\\\/stehovani-ww.cz\\\/#\\\/schema\\\/logo\\\/image\\\/\",\"url\":\"https:\\\/\\\/stehovani-ww.cz\\\/wp-content\\\/uploads\\\/2026\\\/02\\\/Kopie-souboru-WW11_w_trans.png\",\"contentUrl\":\"https:\\\/\\\/stehovani-ww.cz\\\/wp-content\\\/uploads\\\/2026\\\/02\\\/Kopie-souboru-WW11_w_trans.png\",\"width\":1826,\"height\":1534,\"caption\":\"St\u011bhov\u00e1n\u00ed WhichWay\"},\"image\":{\"@id\":\"https:\\\/\\\/stehovani-ww.cz\\\/#\\\/schema\\\/logo\\\/image\\\/\"},\"sameAs\":[\"https:\\\/\\\/www.instagram.com\\\/whichwaystehovani\\\/\"]}]}<\/script>\n<!-- \/ Yoast SEO Premium plugin. -->","yoast_head_json":{"title":"D\u011bkujeme - St\u011bhov\u00e1n\u00ed WhichWay","robots":{"index":"index","follow":"follow","max-snippet":"max-snippet:-1","max-image-preview":"max-image-preview:large","max-video-preview":"max-video-preview:-1"},"canonical":"https:\/\/stehovani-ww.cz\/en\/dekujeme\/","og_locale":"en_US","og_type":"article","og_title":"D\u011bkujeme","og_description":"D\u011aKUJEMe Formul\u00e1\u0159 byl \u00fasp\u011b\u0161n\u011b odesl\u00e1n. Ozveme se V\u00e1m v nejbli\u017e\u0161\u00edm mo\u017en\u00e9m term\u00ednu. Pr\u016fb\u011b\u017en\u011b kontrolujte pros\u00edm i slo\u017eku SPAM ve Va\u0161em e-mailu. N\u00e1vrat na hlavn\u00ed str\u00e1nku","og_url":"https:\/\/stehovani-ww.cz\/en\/dekujeme\/","og_site_name":"St\u011bhov\u00e1n\u00ed WhichWay","article_modified_time":"2026-02-26T14:05:44+00:00","twitter_card":"summary_large_image","twitter_misc":{"Est. reading time":"1 minute"},"schema":{"@context":"https:\/\/schema.org","@graph":[{"@type":"WebPage","@id":"https:\/\/stehovani-ww.cz\/dekujeme\/","url":"https:\/\/stehovani-ww.cz\/dekujeme\/","name":"D\u011bkujeme - St\u011bhov\u00e1n\u00ed WhichWay","isPartOf":{"@id":"https:\/\/stehovani-ww.cz\/#website"},"datePublished":"2026-02-26T12:21:45+00:00","dateModified":"2026-02-26T14:05:44+00:00","breadcrumb":{"@id":"https:\/\/stehovani-ww.cz\/dekujeme\/#breadcrumb"},"inLanguage":"en-US","potentialAction":[{"@type":"ReadAction","target":["https:\/\/stehovani-ww.cz\/dekujeme\/"]}]},{"@type":"BreadcrumbList","@id":"https:\/\/stehovani-ww.cz\/dekujeme\/#breadcrumb","itemListElement":[{"@type":"ListItem","position":1,"name":"Dom\u016f","item":"https:\/\/stehovani-ww.cz\/"},{"@type":"ListItem","position":2,"name":"D\u011bkujeme"}]},{"@type":"WebSite","@id":"https:\/\/stehovani-ww.cz\/#website","url":"https:\/\/stehovani-ww.cz\/","name":"St\u011bhov\u00e1n\u00ed WhichWay","description":"web st\u011bhovac\u00ed firmy WhichWay","publisher":{"@id":"https:\/\/stehovani-ww.cz\/#organization"},"potentialAction":[{"@type":"SearchAction","target":{"@type":"EntryPoint","urlTemplate":"https:\/\/stehovani-ww.cz\/?s={search_term_string}"},"query-input":{"@type":"PropertyValueSpecification","valueRequired":true,"valueName":"search_term_string"}}],"inLanguage":"en-US"},{"@type":"Organization","@id":"https:\/\/stehovani-ww.cz\/#organization","name":"St\u011bhov\u00e1n\u00ed WhichWay","url":"https:\/\/stehovani-ww.cz\/","logo":{"@type":"ImageObject","inLanguage":"en-US","@id":"https:\/\/stehovani-ww.cz\/#\/schema\/logo\/image\/","url":"https:\/\/stehovani-ww.cz\/wp-content\/uploads\/2026\/02\/Kopie-souboru-WW11_w_trans.png","contentUrl":"https:\/\/stehovani-ww.cz\/wp-content\/uploads\/2026\/02\/Kopie-souboru-WW11_w_trans.png","width":1826,"height":1534,"caption":"St\u011bhov\u00e1n\u00ed WhichWay"},"image":{"@id":"https:\/\/stehovani-ww.cz\/#\/schema\/logo\/image\/"},"sameAs":["https:\/\/www.instagram.com\/whichwaystehovani\/"]}]}},"_links":{"self":[{"href":"https:\/\/stehovani-ww.cz\/en\/wp-json\/wp\/v2\/pages\/259","targetHints":{"allow":["GET"]}}],"collection":[{"href":"https:\/\/stehovani-ww.cz\/en\/wp-json\/wp\/v2\/pages"}],"about":[{"href":"https:\/\/stehovani-ww.cz\/en\/wp-json\/wp\/v2\/types\/page"}],"author":[{"embeddable":true,"href":"https:\/\/stehovani-ww.cz\/en\/wp-json\/wp\/v2\/users\/1"}],"replies":[{"embeddable":true,"href":"https:\/\/stehovani-ww.cz\/en\/wp-json\/wp\/v2\/comments?post=259"}],"version-history":[{"count":7,"href":"https:\/\/stehovani-ww.cz\/en\/wp-json\/wp\/v2\/pages\/259\/revisions"}],"predecessor-version":[{"id":5472,"href":"https:\/\/stehovani-ww.cz\/en\/wp-json\/wp\/v2\/pages\/259\/revisions\/5472"}],"wp:attachment":[{"href":"https:\/\/stehovani-ww.cz\/en\/wp-json\/wp\/v2\/media?parent=259"}],"curies":[{"name":"wp","href":"https:\/\/api.w.org\/{rel}","templated":true}]}}